{"id":8,"date":"2020-08-05T11:29:01","date_gmt":"2020-08-05T15:29:01","guid":{"rendered":"https:\/\/www.inakiuhi.cl\/?page_id=8"},"modified":"2023-04-19T17:31:08","modified_gmt":"2023-04-19T21:31:08","slug":"inaki","status":"publish","type":"page","link":"https:\/\/www.inakiuhi.cl\/en\/","title":{"rendered":"INAKI UHI"},"content":{"rendered":"<div class=\"wp-block-group alignwide\">\r\n<div class=\"wp-block-group__inner-container is-layout-flow\">\r\n<h2 class=\"has-text-align-center wp-block-heading\">El principal destino para el arte moderno en el norte de Suecia. Abierto de 10:00 a 18:00 h. todos los d\u00edas durante los meses de verano.<\/h2>\r\n<\/div>\r\n<\/div>\r\n\r\n\r\n\r\n<div class=\"wp-block-columns alignwide is-layout-flex wp-container-8\">\r\n<div class=\"wp-block-column is-layout-flow\">\r\n<div class=\"wp-block-group\">\r\n<div class=\"wp-block-group__inner-container is-layout-flow\">\r\n<figure class=\"wp-block-image alignfull size-full\"><img decoding=\"async\" class=\"wp-image-37\" src=\"https:\/\/www.inakiuhi.cl\/wp-content\/themes\/twentytwenty\/assets\/images\/2020-three-quarters-1.png\" alt=\"\" \/><\/figure>\r\n\r\n\r\n\r\n<h3 class=\"wp-block-heading\">Obras y d\u00edas<\/h3>\r\n\r\n\r\n\r\n<p>1 de Agosto &#8212; 1 de Diciembre<\/p>\r\n\r\n\r\n\r\n<div class=\"wp-block-button is-style-outline\"><a class=\"wp-block-button__link\" href=\"https:\/\/make.wordpress.org\/core\/2019\/09\/27\/block-editor-theme-related-updates-in-wordpress-5-3\/\">Leer m\u00e1s<\/a><\/div>\r\n<\/div>\r\n<\/div>\r\n\r\n\r\n\r\n<div class=\"wp-block-group\">\r\n<div class=\"wp-block-group__inner-container is-layout-flow\">\r\n<figure class=\"wp-block-image alignfull size-full\"><img decoding=\"async\" class=\"wp-image-37\" src=\"https:\/\/www.inakiuhi.cl\/wp-content\/themes\/twentytwenty\/assets\/images\/2020-three-quarters-3.png\" alt=\"\" \/><\/figure>\r\n\r\n\r\n\r\n<h3 class=\"wp-block-heading\">Teatro de operaciones<\/h3>\r\n\r\n\r\n\r\n<p>1 de Octubre &#8212; 1 de Diciembre<\/p>\r\n\r\n\r\n\r\n<div class=\"wp-block-button is-style-outline\"><a class=\"wp-block-button__link\" href=\"https:\/\/make.wordpress.org\/core\/2019\/09\/27\/block-editor-theme-related-updates-in-wordpress-5-3\/\">Leer m\u00e1s<\/a><\/div>\r\n<\/div>\r\n<\/div>\r\n<\/div>\r\n\r\n\r\n\r\n<div class=\"wp-block-column is-layout-flow\">\r\n<div class=\"wp-block-group\">\r\n<div class=\"wp-block-group__inner-container is-layout-flow\">\r\n<figure class=\"wp-block-image alignfull size-full\"><img decoding=\"async\" class=\"wp-image-37\" src=\"https:\/\/www.inakiuhi.cl\/wp-content\/themes\/twentytwenty\/assets\/images\/2020-three-quarters-2.png\" alt=\"\" \/><\/figure>\r\n\r\n\r\n\r\n<h3 class=\"wp-block-heading\">La vida que me merezco<\/h3>\r\n\r\n\r\n\r\n<p>1 de Agosto &#8212; 1 de Diciembre<\/p>\r\n\r\n\r\n\r\n<div class=\"wp-block-button is-style-outline\"><a class=\"wp-block-button__link\" href=\"https:\/\/make.wordpress.org\/core\/2019\/09\/27\/block-editor-theme-related-updates-in-wordpress-5-3\/\">Leer m\u00e1s<\/a><\/div>\r\n<\/div>\r\n<\/div>\r\n\r\n\r\n\r\n<div class=\"wp-block-group\">\r\n<div class=\"wp-block-group__inner-container is-layout-flow\">\r\n<figure class=\"wp-block-image alignfull size-full\"><img decoding=\"async\" class=\"wp-image-37\" src=\"https:\/\/www.inakiuhi.cl\/wp-content\/themes\/twentytwenty\/assets\/images\/2020-three-quarters-4.png\" alt=\"\" \/><\/figure>\r\n\r\n\r\n\r\n<h3 class=\"wp-block-heading\">Desde Signac a Matisse<\/h3>\r\n\r\n\r\n\r\n<p>1 de Octubre &#8212; 1 de Diciembre<\/p>\r\n\r\n\r\n\r\n<div class=\"wp-block-button is-style-outline\"><a class=\"wp-block-button__link\" href=\"https:\/\/make.wordpress.org\/core\/2019\/09\/27\/block-editor-theme-related-updates-in-wordpress-5-3\/\">Leer m\u00e1s<\/a><\/div>\r\n<\/div>\r\n<\/div>\r\n<\/div>\r\n<\/div>\r\n\r\n\r\n\r\n<figure class=\"wp-block-image alignfull size-full\"><img decoding=\"async\" class=\"wp-image-37\" src=\"https:\/\/www.inakiuhi.cl\/wp-content\/themes\/twentytwenty\/assets\/images\/2020-landscape-2.png\" alt=\"\" \/><\/figure>\r\n\r\n\r\n\r\n<div class=\"wp-block-group alignwide\">\r\n<div class=\"wp-block-group__inner-container is-layout-flow\">\r\n<h2 class=\"has-accent-color has-text-align-center wp-block-heading\">\u00abLos c\u00edborgs, como estableci\u00f3 la fil\u00f3sofa Donna Haraway, no son reverentes. No recuerdan el cosmos\u00bb.<\/h2>\r\n<\/div>\r\n<\/div>\r\n\r\n\r\n\r\n<p class=\"has-drop-cap\">Con siete pisos de arquitectura impresionante, UMoMA muestra exposiciones de arte contempor\u00e1neo internacional, a veces junto con retrospectivas hist\u00f3ricas del arte. Los problemas existenciales, pol\u00edticos y filos\u00f3ficos son intr\u00ednsecos a nuestro programa. Como visitante, est\u00e1s invitado a visitas guiadas, charlas de artistas, conferencias, proyecciones de pel\u00edculas y otros eventos con entrada gratuita<\/p>\r\n\r\n\r\n\r\n<p>Las exposiciones son realizadas por UMoMA en colaboraci\u00f3n con artistas y museos de todo el mundo y, a menudo, atraen la atenci\u00f3n internacional. UMoMA ha recibido una menci\u00f3n especial del Museo Europeo del A\u00f1o y ha sido uno de los principales candidatos al Premio Sueco al Museo del A\u00f1o, as\u00ed como al Premio del Consejo de Europa.<\/p>\r\n\r\n\r\n\r\n<p>&nbsp;<\/p>\r\n\r\n\r\n\r\n<div class=\"wp-block-group alignwide has-background\" style=\"background-color: #ffffff;\">\r\n<div class=\"wp-block-group__inner-container is-layout-flow\">\r\n<div class=\"wp-block-group\">\r\n<div class=\"wp-block-group__inner-container is-layout-flow\">\r\n<h2 class=\"has-text-align-center wp-block-heading\">\u00a1Hazte miembro y obt\u00e9n ofertas exclusivas!<\/h2>\r\n\r\n\r\n\r\n<p class=\"has-text-align-center\">Los miembros obtienen acceso a exhibiciones y ventas exclusivas. Nuestra membres\u00eda cuesta 99,99 $ y es facturada anualmente.<\/p>\r\n\r\n\r\n\r\n<div class=\"wp-block-button aligncenter\"><a class=\"wp-block-button__link\" href=\"https:\/\/make.wordpress.org\/core\/2019\/09\/27\/block-editor-theme-related-updates-in-wordpress-5-3\/\">\u00danete al club<\/a><\/div>\r\n<\/div>\r\n<\/div>\r\n<\/div>\r\n<\/div>\r\n\r\n\r\n\r\n<figure class=\"wp-block-gallery alignwide columns-2 is-cropped wp-block-gallery-12 is-layout-flex\">\r\n<ul class=\"blocks-gallery-grid\">\r\n<li class=\"blocks-gallery-item\">\r\n<figure><img decoding=\"async\" class=\"wp-image-39\" src=\"https:\/\/www.inakiuhi.cl\/wp-content\/themes\/twentytwenty\/assets\/images\/2020-square-2.png\" alt=\"\" data-id=\"39\" data-full-url=\"https:\/\/www.inakiuhi.cl\/wp-content\/themes\/twentytwenty\/assets\/images\/2020-square-2.png\" data-link=\"assets\/images\/2020-square-2\/\" \/><\/figure>\r\n<\/li>\r\n<li class=\"blocks-gallery-item\">\r\n<figure><img decoding=\"async\" class=\"wp-image-38\" src=\"https:\/\/www.inakiuhi.cl\/wp-content\/themes\/twentytwenty\/assets\/images\/2020-square-1.png\" alt=\"\" data-id=\"38\" data-full-url=\"https:\/\/www.inakiuhi.cl\/wp-content\/themes\/twentytwenty\/assets\/images\/2020-square-1.png\" data-link=\"https:\/\/www.inakiuhi.cl\/wp-content\/themes\/twentytwenty\/assets\/images\/2020-square-1\/\" \/><\/figure>\r\n<\/li>\r\n<\/ul>\r\n<\/figure>","protected":false},"excerpt":{"rendered":"<p>El principal destino para el arte moderno en el norte de Suecia. Abierto de 10:00 a 18:00 h. todos los d\u00edas durante los meses de verano. Obras y d\u00edas 1 de Agosto &#8212; 1 de Diciembre Teatro de operaciones 1 de Octubre &#8212; 1 de Diciembre La vida que me merezco 1 de Agosto &#8212; [&hellip;]<\/p>","protected":false},"author":2,"featured_media":0,"parent":0,"menu_order":0,"comment_status":"closed","ping_status":"closed","template":"","meta":[],"acf":[],"yoast_head":"<!-- This site is optimized with the Yoast SEO plugin v20.5 - https:\/\/yoast.com\/wordpress\/plugins\/seo\/ -->\n<title>INAKI UHI - Hotel en Rapa Nui<\/title>\n<meta name=\"description\" content=\"Somos un hotel familiar con una s\u00f3lida tradici\u00f3n polin\u00e9sica heredada de padres a hijos, contamos con la mejor ubicaci\u00f3n en pleno centro.\" \/>\n<meta name=\"robots\" content=\"index, follow, max-snippet:-1, max-image-preview:large, max-video-preview:-1\" \/>\n<link rel=\"canonical\" href=\"https:\/\/www.inakiuhi.cl\/en\/\" \/>\n<meta property=\"og:locale\" content=\"en_GB\" \/>\n<meta property=\"og:type\" content=\"article\" \/>\n<meta property=\"og:title\" content=\"INAKI UHI - Hotel en Rapa Nui\" \/>\n<meta property=\"og:description\" content=\"Somos un hotel familiar con una s\u00f3lida tradici\u00f3n polin\u00e9sica heredada de padres a hijos, contamos con la mejor ubicaci\u00f3n en pleno centro.\" \/>\n<meta property=\"og:url\" content=\"https:\/\/www.inakiuhi.cl\/en\/\" \/>\n<meta property=\"og:site_name\" content=\"Hotel en Rapa Nui\" \/>\n<meta property=\"article:publisher\" content=\"https:\/\/www.facebook.com\/inakiuhuihotel\/\" \/>\n<meta property=\"article:modified_time\" content=\"2023-04-19T21:31:08+00:00\" \/>\n<meta property=\"og:image\" content=\"https:\/\/www.inakiuhi.cl\/wp-content\/themes\/twentytwenty\/assets\/images\/2020-three-quarters-1.png\" \/>\n<meta name=\"twitter:card\" content=\"summary_large_image\" \/>\n<meta name=\"twitter:label1\" content=\"Estimated reading time\" \/>\n\t<meta name=\"twitter:data1\" content=\"3 minutes\" \/>\n<script type=\"application\/ld+json\" class=\"yoast-schema-graph\">{\"@context\":\"https:\/\/schema.org\",\"@graph\":[{\"@type\":\"WebPage\",\"@id\":\"https:\/\/www.inakiuhi.cl\/\",\"url\":\"https:\/\/www.inakiuhi.cl\/\",\"name\":\"INAKI UHI - Hotel en Rapa Nui\",\"isPartOf\":{\"@id\":\"https:\/\/www.inakiuhi.cl\/#website\"},\"datePublished\":\"2020-08-05T15:29:01+00:00\",\"dateModified\":\"2023-04-19T21:31:08+00:00\",\"description\":\"Somos un hotel familiar con una s\u00f3lida tradici\u00f3n polin\u00e9sica heredada de padres a hijos, contamos con la mejor ubicaci\u00f3n en pleno centro.\",\"breadcrumb\":{\"@id\":\"https:\/\/www.inakiuhi.cl\/#breadcrumb\"},\"inLanguage\":\"en-GB\",\"potentialAction\":[{\"@type\":\"ReadAction\",\"target\":[\"https:\/\/www.inakiuhi.cl\/\"]}]},{\"@type\":\"BreadcrumbList\",\"@id\":\"https:\/\/www.inakiuhi.cl\/#breadcrumb\",\"itemListElement\":[{\"@type\":\"ListItem\",\"position\":1,\"name\":\"Portada\",\"item\":\"https:\/\/www.inakiuhi.cl\/\"},{\"@type\":\"ListItem\",\"position\":2,\"name\":\"INAKI UHI\"}]},{\"@type\":\"WebSite\",\"@id\":\"https:\/\/www.inakiuhi.cl\/#website\",\"url\":\"https:\/\/www.inakiuhi.cl\/\",\"name\":\"Hotel en Rapa Nui\",\"description\":\"25 a\u00f1os de tradici\u00f3n familiar Rapa Nui\",\"publisher\":{\"@id\":\"https:\/\/www.inakiuhi.cl\/#organization\"},\"potentialAction\":[{\"@type\":\"SearchAction\",\"target\":{\"@type\":\"EntryPoint\",\"urlTemplate\":\"https:\/\/www.inakiuhi.cl\/?s={search_term_string}\"},\"query-input\":\"required name=search_term_string\"}],\"inLanguage\":\"en-GB\"},{\"@type\":\"Organization\",\"@id\":\"https:\/\/www.inakiuhi.cl\/#organization\",\"name\":\"Hotel en Rapa Nui\",\"url\":\"https:\/\/www.inakiuhi.cl\/\",\"logo\":{\"@type\":\"ImageObject\",\"inLanguage\":\"en-GB\",\"@id\":\"https:\/\/www.inakiuhi.cl\/#\/schema\/logo\/image\/\",\"url\":\"https:\/\/www.inakiuhi.cl\/wp-content\/uploads\/2020\/08\/cropped-logo_inaki.png\",\"contentUrl\":\"https:\/\/www.inakiuhi.cl\/wp-content\/uploads\/2020\/08\/cropped-logo_inaki.png\",\"width\":1035,\"height\":595,\"caption\":\"Hotel en Rapa Nui\"},\"image\":{\"@id\":\"https:\/\/www.inakiuhi.cl\/#\/schema\/logo\/image\/\"},\"sameAs\":[\"https:\/\/www.facebook.com\/inakiuhuihotel\/\",\"https:\/\/www.instagram.com\/inakiuhi\/\"]}]}<\/script>\n<!-- \/ Yoast SEO plugin. -->","yoast_head_json":{"title":"INAKI UHI - Hotel en Rapa Nui","description":"Somos un hotel familiar con una s\u00f3lida tradici\u00f3n polin\u00e9sica heredada de padres a hijos, contamos con la mejor ubicaci\u00f3n en pleno centro.","robots":{"index":"index","follow":"follow","max-snippet":"max-snippet:-1","max-image-preview":"max-image-preview:large","max-video-preview":"max-video-preview:-1"},"canonical":"https:\/\/www.inakiuhi.cl\/en\/","og_locale":"en_GB","og_type":"article","og_title":"INAKI UHI - Hotel en Rapa Nui","og_description":"Somos un hotel familiar con una s\u00f3lida tradici\u00f3n polin\u00e9sica heredada de padres a hijos, contamos con la mejor ubicaci\u00f3n en pleno centro.","og_url":"https:\/\/www.inakiuhi.cl\/en\/","og_site_name":"Hotel en Rapa Nui","article_publisher":"https:\/\/www.facebook.com\/inakiuhuihotel\/","article_modified_time":"2023-04-19T21:31:08+00:00","og_image":[{"url":"https:\/\/www.inakiuhi.cl\/wp-content\/themes\/twentytwenty\/assets\/images\/2020-three-quarters-1.png"}],"twitter_card":"summary_large_image","twitter_misc":{"Estimated reading time":"3 minutes"},"schema":{"@context":"https:\/\/schema.org","@graph":[{"@type":"WebPage","@id":"https:\/\/www.inakiuhi.cl\/","url":"https:\/\/www.inakiuhi.cl\/","name":"INAKI UHI - Hotel en Rapa Nui","isPartOf":{"@id":"https:\/\/www.inakiuhi.cl\/#website"},"datePublished":"2020-08-05T15:29:01+00:00","dateModified":"2023-04-19T21:31:08+00:00","description":"Somos un hotel familiar con una s\u00f3lida tradici\u00f3n polin\u00e9sica heredada de padres a hijos, contamos con la mejor ubicaci\u00f3n en pleno centro.","breadcrumb":{"@id":"https:\/\/www.inakiuhi.cl\/#breadcrumb"},"inLanguage":"en-GB","potentialAction":[{"@type":"ReadAction","target":["https:\/\/www.inakiuhi.cl\/"]}]},{"@type":"BreadcrumbList","@id":"https:\/\/www.inakiuhi.cl\/#breadcrumb","itemListElement":[{"@type":"ListItem","position":1,"name":"Portada","item":"https:\/\/www.inakiuhi.cl\/"},{"@type":"ListItem","position":2,"name":"INAKI UHI"}]},{"@type":"WebSite","@id":"https:\/\/www.inakiuhi.cl\/#website","url":"https:\/\/www.inakiuhi.cl\/","name":"Hotel en Rapa Nui","description":"25 a\u00f1os de tradici\u00f3n familiar Rapa Nui","publisher":{"@id":"https:\/\/www.inakiuhi.cl\/#organization"},"potentialAction":[{"@type":"SearchAction","target":{"@type":"EntryPoint","urlTemplate":"https:\/\/www.inakiuhi.cl\/?s={search_term_string}"},"query-input":"required name=search_term_string"}],"inLanguage":"en-GB"},{"@type":"Organization","@id":"https:\/\/www.inakiuhi.cl\/#organization","name":"Hotel en Rapa Nui","url":"https:\/\/www.inakiuhi.cl\/","logo":{"@type":"ImageObject","inLanguage":"en-GB","@id":"https:\/\/www.inakiuhi.cl\/#\/schema\/logo\/image\/","url":"https:\/\/www.inakiuhi.cl\/wp-content\/uploads\/2020\/08\/cropped-logo_inaki.png","contentUrl":"https:\/\/www.inakiuhi.cl\/wp-content\/uploads\/2020\/08\/cropped-logo_inaki.png","width":1035,"height":595,"caption":"Hotel en Rapa Nui"},"image":{"@id":"https:\/\/www.inakiuhi.cl\/#\/schema\/logo\/image\/"},"sameAs":["https:\/\/www.facebook.com\/inakiuhuihotel\/","https:\/\/www.instagram.com\/inakiuhi\/"]}]}},"_links":{"self":[{"href":"https:\/\/www.inakiuhi.cl\/en\/wp-json\/wp\/v2\/pages\/8"}],"collection":[{"href":"https:\/\/www.inakiuhi.cl\/en\/wp-json\/wp\/v2\/pages"}],"about":[{"href":"https:\/\/www.inakiuhi.cl\/en\/wp-json\/wp\/v2\/types\/page"}],"author":[{"embeddable":true,"href":"https:\/\/www.inakiuhi.cl\/en\/wp-json\/wp\/v2\/users\/2"}],"replies":[{"embeddable":true,"href":"https:\/\/www.inakiuhi.cl\/en\/wp-json\/wp\/v2\/comments?post=8"}],"version-history":[{"count":26,"href":"https:\/\/www.inakiuhi.cl\/en\/wp-json\/wp\/v2\/pages\/8\/revisions"}],"predecessor-version":[{"id":286,"href":"https:\/\/www.inakiuhi.cl\/en\/wp-json\/wp\/v2\/pages\/8\/revisions\/286"}],"wp:attachment":[{"href":"https:\/\/www.inakiuhi.cl\/en\/wp-json\/wp\/v2\/media?parent=8"}],"curies":[{"name":"wp","href":"https:\/\/api.w.org\/{rel}","templated":true}]}}